{"id":305,"date":"2013-03-20T10:31:59","date_gmt":"2013-03-20T10:31:59","guid":{"rendered":"http:\/\/www.woodtech-project.eu\/?page_id=305"},"modified":"2015-04-24T07:14:56","modified_gmt":"2015-04-24T07:14:56","slug":"documentos-relacionados","status":"publish","type":"page","link":"https:\/\/woodtech-project.eu\/?page_id=305","title":{"rendered":"Outputs"},"content":{"rendered":"<p><\/p>\n<ul>\n<li><a href=\"https:\/\/woodtech-project.eu\/docs\/woodtech-ESPA\u00d1OL-EMAIL.pdf\" target=\"_blank\">Tr\u00edptico del proyecto<\/a><\/li>\n<li>Presentaci\u00f3n del proyecto<\/li>\n<li>Gu\u00eda del sector\n<ul>\n<li><a href=\"https:\/\/woodtech-project.eu\/wp-content\/uploads\/BORRADOR_GUIA_SECTOR_MADERA_SUDOE.pdf\" target=\"_blank\">Borrador Guia del Sector<\/a><\/li>\n<\/ul>\n<\/li>\n<li>P\u00f2sters \/ Programas del proyecto\n<ul>\n<li><a href=\"https:\/\/woodtech-project.eu\/wp-content\/uploads\/programa_arfobois.pdf\">Programa Arfobois<\/a><\/li>\n<li><a href=\"https:\/\/woodtech-project.eu\/wp-content\/uploads\/poster-woodtech-CIEBI-BIC.pdf\">P\u00f2ster Woodtech ISA<\/a><\/li>\n<\/ul>\n<\/li>\n<\/ul>\n<h3><a href=\"https:\/\/woodtech-project.eu\/wp-content\/uploads\/assessoraments.pdf\">GT4 : Programa de asesoramiento a PIMES espacio SUDOE<\/a><\/h3>\n<h3>Estudios y cat\u00e1logos de los productos desarrollados<\/h3>\n<table border=\"0\" width=\"100%\" cellspacing=\"5\" cellpadding=\"5\">\n<tbody>\n<tr>\n<td><\/td>\n<td style=\"text-align: center;\" colspan=\"3\">Cat\u00e1logo<\/td>\n<td style=\"text-align: center;\" width=\"100\">Making of<\/td>\n<\/tr>\n<tr>\n<td style=\"text-align: left;\" width=\"526\">Perfil laminado encolado de madera maciza con Pino negro (<em>Pinus uncinata<\/em>)<\/td>\n<td width=\"100\"><a href=\"docs\/1-CAT\u00c0LEG INCAFUST.pdf\" target=\"_blank\"><img decoding=\"async\" loading=\"lazy\" class=\"size-full wp-image-558 aligncenter\" src=\"images\/esp.png\" alt=\"PDF\" width=\"35\" height=\"35\" \/><\/a><\/td>\n<td width=\"100\"><a href=\"docs\/1-CAT\u00c0LEG INCAFUST-pt.pdf\" target=\"_blank\"><img decoding=\"async\" loading=\"lazy\" class=\"aligncenter\" src=\"images\/por.png\" alt=\"PDF\" width=\"35\" height=\"35\" \/><\/a><\/td>\n<td width=\"100\"><a href=\"docs\/1-CAT\u00c0LEG INCAFUST-fr.pdf\" target=\"_blank\"><img decoding=\"async\" loading=\"lazy\" class=\"aligncenter\" src=\"images\/fra.png\" alt=\"PDF\" width=\"35\" height=\"35\" \/><\/a><\/td>\n<td width=\"100\"><a href=\"http:\/\/youtu.be\/kaU3lWnLi9k\" target=\"_blank\"><img decoding=\"async\" loading=\"lazy\" class=\"aligncenter\" src=\"https:\/\/woodtech-project.eu\/wp-content\/uploads\/YouTube_icon_block-copia.png\" alt=\"YouTube_icon_block copia\" width=\"35\" height=\"35\" \/><\/a><\/td>\n<\/tr>\n<tr>\n<td>Perfil laminado encolado formado por tres laminas de madera maciza con Pino mar\u00edtimo (<em>Pinus pinaster<\/em>)<\/td>\n<td width=\"100\"><a href=\"docs\/2-CAT\u00c0LEG CIRAD.pdf\" target=\"_blank\"><img decoding=\"async\" loading=\"lazy\" class=\"aligncenter\" src=\"images\/esp.png\" alt=\"PDF\" width=\"35\" height=\"35\" \/><\/a><\/td>\n<td width=\"100\"><a href=\"docs\/2-CAT\u00c0LEG CIRAD-pt.pdf\" target=\"_blank\"><img decoding=\"async\" loading=\"lazy\" class=\"aligncenter\" src=\"images\/por.png\" alt=\"PDF\" width=\"35\" height=\"35\" \/><\/a><\/td>\n<td width=\"100\"><a href=\"docs\/2-CAT\u00c0LEG CIRAD-fr.pdf\" target=\"_blank\"><img decoding=\"async\" loading=\"lazy\" class=\"aligncenter\" src=\"images\/fra.png\" alt=\"PDF\" width=\"35\" height=\"35\" \/><\/a><\/td>\n<td width=\"100\"><img decoding=\"async\" loading=\"lazy\" class=\"aligncenter\" src=\"https:\/\/woodtech-project.eu\/wp-content\/uploads\/YouTube_icon_block-copia.png\" alt=\"YouTube_icon_block copia\" width=\"35\" height=\"35\" \/><\/td>\n<\/tr>\n<tr>\n<td>Perfil macizo encolado de madera tratada para exterior con Pino blanco (<em>Pinus halepensis<\/em>)<\/td>\n<td width=\"100\"><a href=\"docs\/3-CAT\u00c0LEG PINO CARRASCO.pdf\" target=\"_blank\"><img decoding=\"async\" loading=\"lazy\" class=\"aligncenter\" src=\"images\/esp.png\" alt=\"PDF\" width=\"35\" height=\"35\" \/><\/a><\/td>\n<td width=\"100\"><a href=\"docs\/3-CAT\u00c0LEG PINO CARRASCO-pt.pdf\" target=\"_blank\"><img decoding=\"async\" loading=\"lazy\" class=\"aligncenter\" src=\"images\/por.png\" alt=\"PDF\" width=\"35\" height=\"35\" \/><\/a><\/td>\n<td width=\"100\"><a href=\"docs\/3-CAT\u00c0LEG PINO CARRASCO-fr.pdf\" target=\"_blank\"><img decoding=\"async\" loading=\"lazy\" class=\"aligncenter\" src=\"images\/fra.png\" alt=\"PDF\" width=\"35\" height=\"35\" \/><\/a><\/td>\n<td width=\"100\"><a href=\"http:\/\/youtu.be\/LBQJvZWpvjU\" target=\"_blank\"><img decoding=\"async\" loading=\"lazy\" class=\"aligncenter\" src=\"https:\/\/woodtech-project.eu\/wp-content\/uploads\/YouTube_icon_block-copia.png\" alt=\"YouTube_icon_block copia\" width=\"35\" height=\"35\" \/><\/a><\/td>\n<\/tr>\n<tr>\n<td>Pavimento de madera de parquet multicapa de madera maciza con encina (<em>Quercus ilex<\/em>)<\/td>\n<td width=\"100\"><a href=\"docs\/4-CAT\u00c0LEG ENCINA.pdf\" target=\"_blank\"><img decoding=\"async\" loading=\"lazy\" class=\"aligncenter\" src=\"images\/esp.png\" alt=\"PDF\" width=\"35\" height=\"35\" \/><\/a><\/td>\n<td width=\"100\"><a href=\"docs\/4-CAT\u00c0LEG ENCINA-pt.pdf\" target=\"_blank\"><img decoding=\"async\" loading=\"lazy\" class=\"aligncenter\" src=\"images\/por.png\" alt=\"PDF\" width=\"35\" height=\"35\" \/><\/a><\/td>\n<td width=\"100\"><a href=\"docs\/4-CAT\u00c0LEG ENCINA-fr.pdf\" target=\"_blank\"><img decoding=\"async\" loading=\"lazy\" class=\"aligncenter\" src=\"images\/fra.png\" alt=\"PDF\" width=\"35\" height=\"35\" \/><\/a><\/td>\n<td width=\"100\"><a href=\"http:\/\/youtu.be\/A_eWEar4cB0\" target=\"_blank\"><img decoding=\"async\" loading=\"lazy\" class=\"aligncenter\" src=\"https:\/\/woodtech-project.eu\/wp-content\/uploads\/YouTube_icon_block-copia.png\" alt=\"YouTube_icon_block copia\" width=\"35\" height=\"35\" \/><\/a><\/td>\n<\/tr>\n<tr>\n<td>Pavimento de madera de parquet multicapa de madera maciza con roble y ranuras internas con aglomerdo de corcho (<em>Quercus fafinea<\/em>)<\/td>\n<td width=\"100\"><a href=\"docs\/5-CAT\u00c0LEG%20ISA.pdf\" target=\"_blank\"><img decoding=\"async\" loading=\"lazy\" class=\"aligncenter\" src=\"images\/esp.png\" alt=\"PDF\" width=\"35\" height=\"35\" \/><\/a><\/td>\n<td width=\"100\"><a href=\"docs\/5-CAT\u00c0LEG%20ISA-pt.pdf\" target=\"_blank\"><img decoding=\"async\" loading=\"lazy\" class=\"aligncenter\" src=\"images\/por.png\" alt=\"PDF\" width=\"35\" height=\"35\" \/><\/a><\/td>\n<td width=\"100\"><a href=\"docs\/5-CAT\u00c0LEG%20ISA-fr.pdf\" target=\"_blank\"><img decoding=\"async\" loading=\"lazy\" class=\"aligncenter\" src=\"images\/fra.png\" alt=\"PDF\" width=\"35\" height=\"35\" \/><\/a><\/td>\n<td width=\"100\"><a href=\"http:\/\/youtu.be\/Gdpe2tYdaiY\" target=\"_blank\"><img decoding=\"async\" loading=\"lazy\" class=\"aligncenter\" src=\"https:\/\/woodtech-project.eu\/wp-content\/uploads\/YouTube_icon_block-copia.png\" alt=\"YouTube_icon_block copia\" width=\"35\" height=\"35\" \/><\/a><\/td>\n<\/tr>\n<tr>\n<td>Se\u00f1ales de tr\u00e1fico de madera maciza tratada con Pino insigne (<em>Pinus radiata<\/em>)<\/td>\n<td width=\"100\"><a href=\"docs\/6-CAT\u00c0LEG HAZI- senyales.pdf\" target=\"_blank\"><img decoding=\"async\" loading=\"lazy\" class=\"aligncenter\" src=\"images\/esp.png\" alt=\"PDF\" width=\"35\" height=\"35\" \/><\/a><\/td>\n<td width=\"100\"><a href=\"docs\/6-CAT\u00c0LEG HAZI- senyales-pt.pdf\" target=\"_blank\"><img decoding=\"async\" loading=\"lazy\" class=\"aligncenter\" src=\"images\/por.png\" alt=\"PDF\" width=\"35\" height=\"35\" \/><\/a><\/td>\n<td width=\"100\"><a href=\"docs\/6-CAT\u00c0LEG HAZI- senyales-fr.pdf\" target=\"_blank\"><img decoding=\"async\" loading=\"lazy\" class=\"aligncenter\" src=\"images\/fra.png\" alt=\"PDF\" width=\"35\" height=\"35\" \/><\/a><\/td>\n<td width=\"100\"><a href=\"http:\/\/youtu.be\/7-vM03dq7oo\" target=\"_blank\"><img decoding=\"async\" loading=\"lazy\" class=\"aligncenter\" src=\"https:\/\/woodtech-project.eu\/wp-content\/uploads\/YouTube_icon_block-copia.png\" alt=\"YouTube_icon_block copia\" width=\"35\" height=\"35\" \/><\/a><\/td>\n<\/tr>\n<\/tbody>\n<\/table>\n<p>&nbsp;<\/p>\n<p><a href=\"https:\/\/woodtech-project.eu\/docs\/woodtech-FRANC\u00c8S-EMAIL.pdf\" target=\"_blank\">Projet Triptyque<\/a><\/p>\n<p><\/p>","protected":false},"excerpt":{"rendered":"<p>Tr\u00edptico del proyecto Presentaci\u00f3n del proyecto Gu\u00eda del sector Borrador Guia del Sector P\u00f2sters \/ Programas del proyecto Programa Arfobois P\u00f2ster Woodtech ISA GT4 : Programa de asesoramiento a PIMES espacio SUDOE Estudios y cat\u00e1logos de los productos desarrollados Cat\u00e1logo Making of Perfil laminado encolado de madera maciza con Pino negro (Pinus uncinata) Perfil laminado [&hellip;]<\/p>\n","protected":false},"author":1,"featured_media":558,"parent":0,"menu_order":3,"comment_status":"closed","ping_status":"closed","template":"","meta":{"ngg_post_thumbnail":0},"_links":{"self":[{"href":"https:\/\/woodtech-project.eu\/index.php?rest_route=\/wp\/v2\/pages\/305"}],"collection":[{"href":"https:\/\/woodtech-project.eu\/index.php?rest_route=\/wp\/v2\/pages"}],"about":[{"href":"https:\/\/woodtech-project.eu\/index.php?rest_route=\/wp\/v2\/types\/page"}],"author":[{"embeddable":true,"href":"https:\/\/woodtech-project.eu\/index.php?rest_route=\/wp\/v2\/users\/1"}],"replies":[{"embeddable":true,"href":"https:\/\/woodtech-project.eu\/index.php?rest_route=%2Fwp%2Fv2%2Fcomments&post=305"}],"version-history":[{"count":37,"href":"https:\/\/woodtech-project.eu\/index.php?rest_route=\/wp\/v2\/pages\/305\/revisions"}],"predecessor-version":[{"id":685,"href":"https:\/\/woodtech-project.eu\/index.php?rest_route=\/wp\/v2\/pages\/305\/revisions\/685"}],"wp:featuredmedia":[{"embeddable":true,"href":"https:\/\/woodtech-project.eu\/index.php?rest_route=\/wp\/v2\/media\/558"}],"wp:attachment":[{"href":"https:\/\/woodtech-project.eu\/index.php?rest_route=%2Fwp%2Fv2%2Fmedia&parent=305"}],"curies":[{"name":"wp","href":"https:\/\/api.w.org\/{rel}","templated":true}]}}