{"id":53,"date":"2012-12-19T10:27:30","date_gmt":"2012-12-19T10:27:30","guid":{"rendered":"http:\/\/test.ctfc.cat\/?page_id=53"},"modified":"2014-12-12T12:00:19","modified_gmt":"2014-12-12T12:00:19","slug":"unicio","status":"publish","type":"page","link":"https:\/\/woodtech-project.eu\/","title":{"rendered":"Inicio"},"content":{"rendered":"<p><\/p>\n<p style=\"text-align: justify;\">Bienvenidos a la web del proyecto WOODTECH, un proyecto dedicado a la promoci\u00f3n de la innovaci\u00f3n para la mejora de la competitividad de las PYMEs en la industria maderera del espacio SUDOE<\/p>\n<p>Proyecto WOODTECH \u2013 Promoci\u00f3n de la innovaci\u00f3n para la mejora de la competitividad de las PYMEs en la industria maderera del espacio SUDOE <img decoding=\"async\" loading=\"lazy\" class=\"alignleft size-full wp-image-536\" src=\"https:\/\/woodtech-project.eu\/wp-content\/uploads\/inici.gif\" alt=\"inici\" width=\"200\" height=\"150\" \/><\/p>\n<ul>\n<li>Convocatoria: INTERREG IVB SUDOE (3\u00aa convocatoria)<\/li>\n<li>Fecha de inicio: 01\/11\/2012<\/li>\n<li>Fecha de finalizaci\u00f3n: 31\/12\/2014<\/li>\n<li>N\u00ba de socios: 8 socios de 7 regiones del espacio SUDOE (4 Espa\u00f1a, 2 Francia, 2 Portugal)<\/li>\n<li>Presupuesto total: 1.318.606 \u20ac<\/li>\n<li>Coordinaci\u00f3n: Centre Tecnol\u00f2gic Forestal de Catalunya<\/li>\n<\/ul>\n<p>Resumen: \u201cWOODTECH es un proyecto de innovaci\u00f3n y de transferencia tecnol\u00f3gica, cuya finalidad es contribuir a que las empresas de primera y segunda transformaci\u00f3n de la madera del espacio SUDOE sean m\u00e1s competitivas frente un mercado globalizado y reforzar su capacidad de desarrollo de nuevos productos de mayor valor a\u00f1adido y con maderas procedentes de bosques locales, gestionados de forma sostenible.\u201d<\/p>\n<h2>ESPECIES Y PRODUCTOS DE MADERA<\/h2>\n<div class=\"boxes\">\n<div class=\"box-head\">\n<div class=\"title-box\">Especies Forestales<\/div>\n<p><!--title-box close--><\/p>\n<div class=\"box-content\">\n<ul>\n<li>Pino negro (<em>Pinus uncinata<\/em>)<\/li>\n<li>Pino mar\u00edtimo (<em>Pinus pinaster<\/em>)<\/li>\n<li>Pino blanco (<em>Pinus halepensis<\/em>)<\/li>\n<li>Pino insigne (<i>Pinus radiata<\/i>)<\/li>\n<li>Encina (<em>Quercus ilex<\/em>)<\/li>\n<li>Roble (<em>Quercus faginea<\/em>)<\/li>\n<\/ul>\n<\/div>\n<p><!--box-content close--><\/div>\n<p><!--box-head close--><\/div>\n<p><!--boxes  end--><\/p>\n<div class=\"boxes2\">\n<div class=\"box-head\">\n<div class=\"title-box\">Productos desarrollados<\/div>\n<p><!--title-box close--><\/p>\n<div class=\"box-content\">\n<ul>\n<li>Perfil laminado encolado de madera maciza con Pino negro (<em>Pinus uncinata<\/em>) &#8211; <a href=\"http:\/\/youtu.be\/kaU3lWnLi9k\" target=\"_blank\">making of<\/a><\/li>\n<li>Perfil laminado encolado formado por tres l\u00e1minas de madera maciza con Pino mar\u00edtimo (<em>Pinus pinaster<\/em>) &#8211; making of<\/li>\n<li>Perfil macizo encolado de madera tratada para exterior con Pino blanco (<em>Pinus halepensis<\/em>) &#8211; <a href=\"http:\/\/youtu.be\/LBQJvZWpvjU\" target=\"_blank\">making of<\/a><\/li>\n<li>Pavimento de madera de parquet multicapa de madera maciza con encina (<em>Quercus Ilex<\/em>) &#8211; <a href=\"http:\/\/youtu.be\/A_eWEar4cB0\" target=\"_blank\">making of<\/a><\/li>\n<li>Pavimento de madera de parquet multicapa de madera maciza con roble y ranuras internas con aglomerdo de corcho (<em>Quercus faginea<\/em>) &#8211; <a href=\"http:\/\/youtu.be\/Gdpe2tYdaiY\" target=\"_blank\">making of<\/a><\/li>\n<li>Se\u00f1ales de tr\u00e1fico de madera maciza tratada con Pino insigne (<em>Pinus radiata<\/em>) &#8211; <a title=\"Making of\" href=\"http:\/\/youtu.be\/7-vM03dq7oo\" target=\"_blank\">making of<\/a><\/li>\n<\/ul>\n<\/div>\n<p><!--box-content close--><\/div>\n<p><!--box-head close--><\/div>\n<p><!--boxes  end--><\/p>","protected":false},"excerpt":{"rendered":"<p>Bienvenidos a la web del proyecto WOODTECH, un proyecto dedicado a la promoci\u00f3n de la innovaci\u00f3n para la mejora de la competitividad de las PYMEs en la industria maderera del espacio SUDOE Proyecto WOODTECH \u2013 Promoci\u00f3n de la innovaci\u00f3n para la mejora de la competitividad de las PYMEs en la industria maderera del espacio SUDOE [&hellip;]<\/p>\n","protected":false},"author":1,"featured_media":536,"parent":0,"menu_order":2,"comment_status":"closed","ping_status":"closed","template":"","meta":{"ngg_post_thumbnail":0},"_links":{"self":[{"href":"https:\/\/woodtech-project.eu\/index.php?rest_route=\/wp\/v2\/pages\/53"}],"collection":[{"href":"https:\/\/woodtech-project.eu\/index.php?rest_route=\/wp\/v2\/pages"}],"about":[{"href":"https:\/\/woodtech-project.eu\/index.php?rest_route=\/wp\/v2\/types\/page"}],"author":[{"embeddable":true,"href":"https:\/\/woodtech-project.eu\/index.php?rest_route=\/wp\/v2\/users\/1"}],"replies":[{"embeddable":true,"href":"https:\/\/woodtech-project.eu\/index.php?rest_route=%2Fwp%2Fv2%2Fcomments&post=53"}],"version-history":[{"count":88,"href":"https:\/\/woodtech-project.eu\/index.php?rest_route=\/wp\/v2\/pages\/53\/revisions"}],"predecessor-version":[{"id":673,"href":"https:\/\/woodtech-project.eu\/index.php?rest_route=\/wp\/v2\/pages\/53\/revisions\/673"}],"wp:featuredmedia":[{"embeddable":true,"href":"https:\/\/woodtech-project.eu\/index.php?rest_route=\/wp\/v2\/media\/536"}],"wp:attachment":[{"href":"https:\/\/woodtech-project.eu\/index.php?rest_route=%2Fwp%2Fv2%2Fmedia&parent=53"}],"curies":[{"name":"wp","href":"https:\/\/api.w.org\/{rel}","templated":true}]}}