{"id":580,"date":"2014-08-13T08:34:43","date_gmt":"2014-08-13T08:34:43","guid":{"rendered":"http:\/\/www.woodtech-project.eu\/?page_id=580"},"modified":"2014-08-13T10:34:25","modified_gmt":"2014-08-13T10:34:25","slug":"socios-asociados","status":"publish","type":"page","link":"https:\/\/woodtech-project.eu\/?page_id=580","title":{"rendered":"Socios Asociados"},"content":{"rendered":"<p><\/p>\n<table width=\"100%\" border=\"0\" cellspacing=\"5\" cellpadding=\"5\">\n<tbody>\n<tr>\n<td width=\"12%\"><img decoding=\"async\" alt=\"\" src=\"images\/AFE.png\" width=\"100\"  \/><\/td>\n<td width=\"88%\">AFE (asociaci\u00f3 de la fusta estructural)<\/td>\n<\/tr>\n<tr>\n<td><\/td>\n<td>UFV Bois (Union Foresti\u00e8re Viganaise)<\/td>\n<\/tr>\n<tr>\n<td><img decoding=\"async\" loading=\"lazy\" alt=\"\" src=\"images\/fevama.png\" width=\"100\" height=\"48\" \/><\/td>\n<td>FEVAMA<\/td>\n<\/tr>\n<tr>\n<td><img decoding=\"async\" loading=\"lazy\" alt=\"\" src=\"images\/guarda.png\" width=\"100\" height=\"105\" \/><\/td>\n<td>Municipio de Guarda (regi\u00f3n centro de Portugal)<\/td>\n<\/tr>\n<\/tbody>\n<\/table>\n<p><\/p>","protected":false},"excerpt":{"rendered":"<p>AFE (asociaci\u00f3 de la fusta estructural) UFV Bois (Union Foresti\u00e8re Viganaise) FEVAMA Municipio de Guarda (regi\u00f3n centro de Portugal)<\/p>\n","protected":false},"author":1,"featured_media":0,"parent":404,"menu_order":3,"comment_status":"closed","ping_status":"closed","template":"","meta":{"ngg_post_thumbnail":0},"_links":{"self":[{"href":"https:\/\/woodtech-project.eu\/index.php?rest_route=\/wp\/v2\/pages\/580"}],"collection":[{"href":"https:\/\/woodtech-project.eu\/index.php?rest_route=\/wp\/v2\/pages"}],"about":[{"href":"https:\/\/woodtech-project.eu\/index.php?rest_route=\/wp\/v2\/types\/page"}],"author":[{"embeddable":true,"href":"https:\/\/woodtech-project.eu\/index.php?rest_route=\/wp\/v2\/users\/1"}],"replies":[{"embeddable":true,"href":"https:\/\/woodtech-project.eu\/index.php?rest_route=%2Fwp%2Fv2%2Fcomments&post=580"}],"version-history":[{"count":4,"href":"https:\/\/woodtech-project.eu\/index.php?rest_route=\/wp\/v2\/pages\/580\/revisions"}],"predecessor-version":[{"id":591,"href":"https:\/\/woodtech-project.eu\/index.php?rest_route=\/wp\/v2\/pages\/580\/revisions\/591"}],"up":[{"embeddable":true,"href":"https:\/\/woodtech-project.eu\/index.php?rest_route=\/wp\/v2\/pages\/404"}],"wp:attachment":[{"href":"https:\/\/woodtech-project.eu\/index.php?rest_route=%2Fwp%2Fv2%2Fmedia&parent=580"}],"curies":[{"name":"wp","href":"https:\/\/api.w.org\/{rel}","templated":true}]}}