{"id":83,"date":"2013-01-28T15:02:17","date_gmt":"2013-01-28T15:02:17","guid":{"rendered":"http:\/\/test.ctfc.cat\/?page_id=83"},"modified":"2014-08-08T08:53:12","modified_gmt":"2014-08-08T08:53:12","slug":"resultados-esperados","status":"publish","type":"page","link":"https:\/\/woodtech-project.eu\/?page_id=83","title":{"rendered":"Resultados Esperados"},"content":{"rendered":"<p><\/p>\n<ol>\n<li style=\"text-align: justify;\">Desarrollo y caracterizaci\u00f3n de 4 nuevos productos\/soluciones constructivas elaborados con madera de especies que procedan de bosques del espacio SUDOE<\/li>\n<li style=\"text-align: justify;\">Promoci\u00f3n de estos nuevos productos y plan de protecci\u00f3n (IPR) y de explotaci\u00f3n comercial. Elaboraci\u00f3n de\u00a0 cat\u00e1logos promocionales\u00a0 y acciones de transferencia de resultados.<\/li>\n<li style=\"text-align: justify;\">Asesoramiento (informaci\u00f3n y formaci\u00f3n) a 20 empresas del sector de la madera del espacio SUDOE para mejorar su competitividad (ya sea en procesos de optimizaci\u00f3n en el proceso productivo, en temas de internacionalizaci\u00f3n, o bien en aprovisionamiento de materia primera)<\/li>\n<li style=\"text-align: justify;\">Creaci\u00f3n de una red estable de cooperaci\u00f3n transnacional entre los socios del proyecto, PYMES participantes y otros agentes de inter\u00e9s relacionados con el proyecto<\/li>\n<\/ol>\n<p><\/p>","protected":false},"excerpt":{"rendered":"<p>Desarrollo y caracterizaci\u00f3n de 4 nuevos productos\/soluciones constructivas elaborados con madera de especies que procedan de bosques del espacio SUDOE Promoci\u00f3n de estos nuevos productos y plan de protecci\u00f3n (IPR) y de explotaci\u00f3n comercial. Elaboraci\u00f3n de\u00a0 cat\u00e1logos promocionales\u00a0 y acciones de transferencia de resultados. Asesoramiento (informaci\u00f3n y formaci\u00f3n) a 20 empresas del sector de la [&hellip;]<\/p>\n","protected":false},"author":1,"featured_media":0,"parent":391,"menu_order":3,"comment_status":"closed","ping_status":"closed","template":"","meta":{"ngg_post_thumbnail":0},"_links":{"self":[{"href":"https:\/\/woodtech-project.eu\/index.php?rest_route=\/wp\/v2\/pages\/83"}],"collection":[{"href":"https:\/\/woodtech-project.eu\/index.php?rest_route=\/wp\/v2\/pages"}],"about":[{"href":"https:\/\/woodtech-project.eu\/index.php?rest_route=\/wp\/v2\/types\/page"}],"author":[{"embeddable":true,"href":"https:\/\/woodtech-project.eu\/index.php?rest_route=\/wp\/v2\/users\/1"}],"replies":[{"embeddable":true,"href":"https:\/\/woodtech-project.eu\/index.php?rest_route=%2Fwp%2Fv2%2Fcomments&post=83"}],"version-history":[{"count":15,"href":"https:\/\/woodtech-project.eu\/index.php?rest_route=\/wp\/v2\/pages\/83\/revisions"}],"predecessor-version":[{"id":546,"href":"https:\/\/woodtech-project.eu\/index.php?rest_route=\/wp\/v2\/pages\/83\/revisions\/546"}],"up":[{"embeddable":true,"href":"https:\/\/woodtech-project.eu\/index.php?rest_route=\/wp\/v2\/pages\/391"}],"wp:attachment":[{"href":"https:\/\/woodtech-project.eu\/index.php?rest_route=%2Fwp%2Fv2%2Fmedia&parent=83"}],"curies":[{"name":"wp","href":"https:\/\/api.w.org\/{rel}","templated":true}]}}